{"id":1194,"date":"2023-02-03T19:41:31","date_gmt":"2023-02-03T20:41:31","guid":{"rendered":"http:\/\/beiraportal.pt\/?page_id=1194"},"modified":"2023-04-20T21:06:30","modified_gmt":"2023-04-20T22:06:30","slug":"false-ceilings","status":"publish","type":"page","link":"https:\/\/beiraportal.pt\/en\/false-ceilings\/","title":{"rendered":"False Ceilings"},"content":{"rendered":"<p>[et_pb_section fb_built=&#8221;1&#8243; _builder_version=&#8221;4.19.5&#8243; _module_preset=&#8221;default&#8221; background_color=&#8221;#CE3B3B&#8221; custom_margin=&#8221;0px||0px||true|false&#8221; custom_padding=&#8221;0px||0px||true|false&#8221; global_colors_info=&#8221;{}&#8221;][et_pb_row column_structure=&#8221;1_4,1_4,1_4,1_4&#8243; use_custom_gutter=&#8221;on&#8221; gutter_width=&#8221;1&#8243; _builder_version=&#8221;4.19.5&#8243; _module_preset=&#8221;default&#8221; width=&#8221;100%&#8221; max_width=&#8221;100%&#8221; custom_margin=&#8221;0px||0px||true|false&#8221; custom_padding=&#8221;10px||10px||false|false&#8221; global_colors_info=&#8221;{}&#8221;][et_pb_column type=&#8221;1_4&#8243; _builder_version=&#8221;4.19.5&#8243; _module_preset=&#8221;default&#8221; global_colors_info=&#8221;{}&#8221;][et_pb_image src=&#8221;http:\/\/beiraportal.pt\/wp-content\/uploads\/2023\/02\/tetofalso01.jpg&#8221; title_text=&#8221;tetofalso01&#8243; force_fullwidth=&#8221;on&#8221; _builder_version=&#8221;4.19.5&#8243; _module_preset=&#8221;default&#8221; custom_margin=&#8221;||||false|true&#8221; custom_padding=&#8221;|5px||10px|true|false&#8221; global_colors_info=&#8221;{}&#8221;][\/et_pb_image][\/et_pb_column][et_pb_column type=&#8221;1_4&#8243; _builder_version=&#8221;4.19.5&#8243; _module_preset=&#8221;default&#8221; global_colors_info=&#8221;{}&#8221;][et_pb_image src=&#8221;http:\/\/beiraportal.pt\/wp-content\/uploads\/2023\/02\/tetofalso02.jpg&#8221; title_text=&#8221;tetofalso02&#8243; force_fullwidth=&#8221;on&#8221; _builder_version=&#8221;4.19.5&#8243; _module_preset=&#8221;default&#8221; custom_margin=&#8221;||||false|true&#8221; custom_padding=&#8221;|5px||5px|true|true&#8221; global_colors_info=&#8221;{}&#8221;][\/et_pb_image][\/et_pb_column][et_pb_column type=&#8221;1_4&#8243; _builder_version=&#8221;4.19.5&#8243; _module_preset=&#8221;default&#8221; global_colors_info=&#8221;{}&#8221;][et_pb_image src=&#8221;http:\/\/beiraportal.pt\/wp-content\/uploads\/2023\/02\/tetofalso03.jpg&#8221; title_text=&#8221;tetofalso03&#8243; force_fullwidth=&#8221;on&#8221; _builder_version=&#8221;4.19.5&#8243; _module_preset=&#8221;default&#8221; custom_margin=&#8221;||||false|true&#8221; custom_padding=&#8221;|5px||5px|true|true&#8221; global_colors_info=&#8221;{}&#8221;][\/et_pb_image][\/et_pb_column][et_pb_column type=&#8221;1_4&#8243; _builder_version=&#8221;4.19.5&#8243; _module_preset=&#8221;default&#8221; global_colors_info=&#8221;{}&#8221;][et_pb_image src=&#8221;http:\/\/beiraportal.pt\/wp-content\/uploads\/2023\/02\/tetofalso04.jpg&#8221; title_text=&#8221;tetofalso04&#8243; force_fullwidth=&#8221;on&#8221; _builder_version=&#8221;4.19.5&#8243; _module_preset=&#8221;default&#8221; custom_margin=&#8221;||||false|true&#8221; custom_padding=&#8221;|10px||5px|true|false&#8221; global_colors_info=&#8221;{}&#8221;][\/et_pb_image][\/et_pb_column][\/et_pb_row][\/et_pb_section][et_pb_section fb_built=&#8221;1&#8243; admin_label=&#8221;section&#8221; _builder_version=&#8221;4.16&#8243; global_colors_info=&#8221;{}&#8221;][et_pb_row admin_label=&#8221;row&#8221; _builder_version=&#8221;4.16&#8243; background_size=&#8221;initial&#8221; background_position=&#8221;top_left&#8221; background_repeat=&#8221;repeat&#8221; global_colors_info=&#8221;{}&#8221;][et_pb_column type=&#8221;4_4&#8243; _builder_version=&#8221;4.16&#8243; custom_padding=&#8221;|||&#8221; global_colors_info=&#8221;{}&#8221; custom_padding__hover=&#8221;|||&#8221;][et_pb_text _builder_version=&#8221;4.20.0&#8243; _module_preset=&#8221;default&#8221; text_font_size=&#8221;18px&#8221; text_line_height=&#8221;1.8em&#8221; header_font=&#8221;|700|||||||&#8221; locked=&#8221;off&#8221; global_colors_info=&#8221;{}&#8221;]<\/p>\n<h1>Tetos Falsos<\/h1>\n<p>[\/et_pb_text][et_pb_text admin_label=&#8221;Text&#8221; _builder_version=&#8221;4.20.0&#8243; text_font_size=&#8221;15px&#8221; text_line_height=&#8221;2.1em&#8221; header_2_font=&#8221;|700|||||||&#8221; header_2_font_size=&#8221;30px&#8221; header_2_letter_spacing=&#8221;2px&#8221; header_2_line_height=&#8221;2.1em&#8221; global_colors_info=&#8221;{}&#8221;]<\/p>\n<p>A Beira Portal \u00e9 uma empresa especializada em solu\u00e7\u00f5es de acabamento para o lar. Entre os nossos produtos destacamos os tetos falsos, que oferecem um toque de eleg\u00e2ncia e sofisticado a qualquer ambiente. Acreditamos que os detalhes fazem a diferen\u00e7a e, por isso, oferecemos uma ampla variedade de tetos falsos para atender a todos os gostos e necessidades.<\/p>\n<p><strong>Aqui est\u00e3o algumas das nossas op\u00e7\u00f5es:<\/strong><\/p>\n<p>[\/et_pb_text][\/et_pb_column][\/et_pb_row][et_pb_row column_structure=&#8221;1_2,1_2&#8243; _builder_version=&#8221;4.19.5&#8243; _module_preset=&#8221;default&#8221; custom_margin=&#8221;|auto|47px|auto||&#8221; global_colors_info=&#8221;{}&#8221;][et_pb_column type=&#8221;1_2&#8243; _builder_version=&#8221;4.19.5&#8243; _module_preset=&#8221;default&#8221; global_colors_info=&#8221;{}&#8221;][et_pb_text admin_label=&#8221;Text&#8221; _builder_version=&#8221;4.19.5&#8243; text_font_size=&#8221;15px&#8221; text_line_height=&#8221;1.6em&#8221; header_2_font=&#8221;|700|||||||&#8221; header_2_font_size=&#8221;20px&#8221; header_2_line_height=&#8221;1.6em&#8221; locked=&#8221;off&#8221; global_colors_info=&#8221;{}&#8221;]<\/p>\n<h2>Tetos falsos personalizados<\/h2>\n<p>Para os mais exigentes, oferecemos tetos falsos personalizados, que se adaptam ao seu gosto e \u00e0 decora\u00e7\u00e3o de sua casa.<\/p>\n<p>[\/et_pb_text][\/et_pb_column][et_pb_column type=&#8221;1_2&#8243; _builder_version=&#8221;4.19.5&#8243; _module_preset=&#8221;default&#8221; global_colors_info=&#8221;{}&#8221;][et_pb_text admin_label=&#8221;Text&#8221; _builder_version=&#8221;4.19.5&#8243; text_font_size=&#8221;15px&#8221; text_line_height=&#8221;1.6em&#8221; header_2_font=&#8221;|700|||||||&#8221; header_2_font_size=&#8221;20px&#8221; header_2_line_height=&#8221;1.6em&#8221; locked=&#8221;off&#8221; global_colors_info=&#8221;{}&#8221;]<\/p>\n<h2>Tetos falsos de madeira<\/h2>\n<p>S\u00e3o os mais elegantes e cl\u00e1ssicos, que proporcionam um ar acolhedor e acolhedor a qualquer ambiente.<\/p>\n<p>[\/et_pb_text][\/et_pb_column][\/et_pb_row][et_pb_row _builder_version=&#8221;4.19.5&#8243; _module_preset=&#8221;default&#8221; custom_margin=&#8221;50px|auto||auto||&#8221; global_colors_info=&#8221;{}&#8221;][et_pb_column type=&#8221;4_4&#8243; _builder_version=&#8221;4.19.5&#8243; _module_preset=&#8221;default&#8221; global_colors_info=&#8221;{}&#8221;][et_pb_text admin_label=&#8221;Text&#8221; _builder_version=&#8221;4.20.0&#8243; text_font_size=&#8221;15px&#8221; text_line_height=&#8221;2.1em&#8221; header_2_font=&#8221;|700|||||||&#8221; header_2_font_size=&#8221;30px&#8221; header_2_letter_spacing=&#8221;2px&#8221; header_2_line_height=&#8221;2.1em&#8221; global_colors_info=&#8221;{}&#8221;]<\/p>\n<p><strong>A Beira Portal tem uma ampla gama de tetos falsos em madeira para atender todas as suas necessidades. Aliamos est\u00e9tica, conforto e durabilidade \u00e0 qualidade dos nossos produtos. Se procura um toque de eleg\u00e2ncia e sofistica\u00e7\u00e3o para a sua casa, n\u00e3o hesite em visitar o nosso showroom e conhecer todas as nossas op\u00e7\u00f5es.<\/strong><\/p>\n<p>[\/et_pb_text][dsm_button button_one_text=&#8221;Ver cat\u00e1logos&#8221; button_one_url=&#8221;@ET-DC@eyJkeW5hbWljIjp0cnVlLCJjb250ZW50IjoicG9zdF9saW5rX3VybF9wYWdlIiwic2V0dGluZ3MiOnsicG9zdF9pZCI6IjExMSJ9fQ==@&#8221; button_alignment=&#8221;center&#8221; _builder_version=&#8221;4.20.0&#8243; _dynamic_attributes=&#8221;button_one_url&#8221; _module_preset=&#8221;default&#8221; custom_button_one=&#8221;on&#8221; button_one_text_color=&#8221;#FFFFFF&#8221; button_one_bg_color=&#8221;#CE3B3B&#8221; button_one_border_width=&#8221;0px&#8221; custom_margin=&#8221;60px||60px||true|&#8221; box_shadow_style_button_one=&#8221;preset3&#8243; box_shadow_position_button_one=&#8221;inner&#8221; locked=&#8221;off&#8221; global_colors_info=&#8221;{}&#8221;][\/dsm_button][\/et_pb_column][\/et_pb_row][\/et_pb_section]<\/p>\n","protected":false},"excerpt":{"rendered":"<p>Tetos FalsosA Beira Portal \u00e9 uma empresa especializada em solu\u00e7\u00f5es de acabamento para o lar. Entre os nossos produtos destacamos os tetos falsos, que oferecem um toque de eleg\u00e2ncia e sofisticado a qualquer ambiente. Acreditamos que os detalhes fazem a diferen\u00e7a e, por isso, oferecemos uma ampla variedade de tetos falsos para atender a todos os gostos e necessidades. Aqui est\u00e3o algumas das nossas op\u00e7\u00f5es:Tetos falsos personalizados Para os mais exigentes, oferecemos tetos falsos personalizados, que se adaptam ao seu gosto e \u00e0 decora\u00e7\u00e3o de sua casa.Tetos falsos de madeira S\u00e3o os mais elegantes e cl\u00e1ssicos, que proporcionam um ar acolhedor e acolhedor a qualquer ambiente.A Beira Portal tem uma ampla gama de tetos falsos em madeira para atender todas as suas necessidades. Aliamos est\u00e9tica, conforto e durabilidade \u00e0 qualidade dos nossos produtos. Se procura um toque de eleg\u00e2ncia e sofistica\u00e7\u00e3o para a sua casa, n\u00e3o hesite em visitar o nosso showroom e conhecer todas as nossas op\u00e7\u00f5es.<div class=\"et_pb_module dsm_button dsm_button_0 et_pb_bg_layout_light\">\n\t\t\t\t\n\t\t\t\t\n\t\t\t\t\n\t\t\t\t\n\t\t\t\t\n\t\t\t\t\n\t\t\t\t<div class=\"et_pb_module_inner\">\n\t\t\t\t\t<div class=\"et_pb_button_module_wrappers dsm_button_0_wrapper et_pb_button_alignment_center et_pb_module\">\n\t\t\t\t<a class=\"et_pb_button et_pb_button_one et_pb_bg_layout_light dsm-none\"  data-dsm-lightbox-id=\"dsm_button_one_lightbox dsm_button_0\"><span>View catalogues<\/span><\/a>\n\t\t\t<\/div>\n\t\t\t\t<\/div>\n\t\t\t<\/div><\/p>","protected":false},"author":8,"featured_media":0,"parent":0,"menu_order":0,"comment_status":"closed","ping_status":"closed","template":"","meta":{"_et_pb_use_builder":"on","_et_pb_old_content":"","_et_gb_content_width":"","footnotes":""},"class_list":["post-1194","page","type-page","status-publish","hentry"],"_links":{"self":[{"href":"https:\/\/beiraportal.pt\/en\/wp-json\/wp\/v2\/pages\/1194","targetHints":{"allow":["GET"]}}],"collection":[{"href":"https:\/\/beiraportal.pt\/en\/wp-json\/wp\/v2\/pages"}],"about":[{"href":"https:\/\/beiraportal.pt\/en\/wp-json\/wp\/v2\/types\/page"}],"author":[{"embeddable":true,"href":"https:\/\/beiraportal.pt\/en\/wp-json\/wp\/v2\/users\/8"}],"replies":[{"embeddable":true,"href":"https:\/\/beiraportal.pt\/en\/wp-json\/wp\/v2\/comments?post=1194"}],"version-history":[{"count":0,"href":"https:\/\/beiraportal.pt\/en\/wp-json\/wp\/v2\/pages\/1194\/revisions"}],"wp:attachment":[{"href":"https:\/\/beiraportal.pt\/en\/wp-json\/wp\/v2\/media?parent=1194"}],"curies":[{"name":"wp","href":"https:\/\/api.w.org\/{rel}","templated":true}]}}