{"id":1612,"date":"2023-02-25T21:50:04","date_gmt":"2023-02-25T22:50:04","guid":{"rendered":"http:\/\/beiraportal.pt\/?page_id=1612"},"modified":"2023-04-20T21:13:09","modified_gmt":"2023-04-20T22:13:09","slug":"frequently-asked-questions","status":"publish","type":"page","link":"https:\/\/beiraportal.pt\/en\/perguntas-frequentes\/","title":{"rendered":"Frequently Asked Questions"},"content":{"rendered":"[et_pb_section fb_built=&#8221;1&#8243; admin_label=&#8221;section&#8221; _builder_version=&#8221;4.16&#8243; custom_padding=&#8221;||4px|||&#8221; global_colors_info=&#8221;{}&#8221;][et_pb_row admin_label=&#8221;row&#8221; _builder_version=&#8221;4.20.0&#8243; background_size=&#8221;initial&#8221; background_position=&#8221;top_left&#8221; background_repeat=&#8221;repeat&#8221; custom_padding=&#8221;0px||0px||true|false&#8221; global_colors_info=&#8221;{}&#8221;][et_pb_column type=&#8221;4_4&#8243; _builder_version=&#8221;4.16&#8243; custom_padding=&#8221;|||&#8221; global_colors_info=&#8221;{}&#8221; custom_padding__hover=&#8221;|||&#8221;][et_pb_text admin_label=&#8221;Text&#8221; _builder_version=&#8221;4.20.4&#8243; header_2_font=&#8221;|700|||||||&#8221; background_size=&#8221;initial&#8221; background_position=&#8221;top_left&#8221; background_repeat=&#8221;repeat&#8221; global_colors_info=&#8221;{}&#8221;]<p><\/p>\n<h1 class=\"wp-block-heading\"><strong>Perguntas Frequentes<\/strong><\/h1>\n<p>Em que podemos ser \u00fateis?<\/p>\n<p><\/p>[\/et_pb_text][\/et_pb_column][\/et_pb_row][\/et_pb_section][et_pb_section fb_built=&#8221;1&#8243; _builder_version=&#8221;4.20.0&#8243; _module_preset=&#8221;default&#8221; custom_padding=&#8221;10px|||||&#8221; global_colors_info=&#8221;{}&#8221;][et_pb_row _builder_version=&#8221;4.20.0&#8243; _module_preset=&#8221;default&#8221; custom_margin=&#8221;|auto|30px|auto||&#8221; global_colors_info=&#8221;{}&#8221;][et_pb_column type=&#8221;4_4&#8243; _builder_version=&#8221;4.20.0&#8243; _module_preset=&#8221;default&#8221; global_colors_info=&#8221;{}&#8221;][et_pb_accordion _builder_version=&#8221;4.20.4&#8243; _module_preset=&#8221;default&#8221; toggle_level=&#8221;h2&#8243; toggle_font_size=&#8221;18px&#8221; hover_enabled=&#8221;0&#8243; global_colors_info=&#8221;{}&#8221; sticky_enabled=&#8221;0&#8243;][et_pb_accordion_item title=&#8221;1. Que tipos de produtos de madeira \u00e9 que a BEIRAPORTAL comercializa?&#8221; open=&#8221;on&#8221; _builder_version=&#8221;4.20.0&#8243; _module_preset=&#8221;default&#8221; global_colors_info=&#8221;{}&#8221;]A BEIRAPORTAL vende uma vasta gama de produtos de madeira incluindo portas, pavimentos, decks, molduras, vigas e outras solu\u00e7\u00f5es t\u00e9cnicas e decorativas.[\/et_pb_accordion_item][et_pb_accordion_item title=&#8221;2. A BEIRAPORTAL dispononibiliza servi\u00e7os de instala\u00e7\u00e3o?&#8221; _builder_version=&#8221;4.20.0&#8243; _module_preset=&#8221;default&#8221; global_colors_info=&#8221;{}&#8221; open=&#8221;off&#8221;]A BEIRAPORTAL recomenda o servi\u00e7o de profissionais para a instala\u00e7\u00e3o dos seus produtos e em casos espec\u00edficos disponibiliza servi\u00e7os de instala\u00e7\u00e3o profissional para os seus produtos. Entre em contato com a nossa equipa para obter mais informa\u00e7\u00f5es a respeito.[\/et_pb_accordion_item][et_pb_accordion_item title=&#8221;3. Quais s\u00e3o as vantagens da utiliza\u00e7\u00e3o de produtos de madeira?&#8221; _builder_version=&#8221;4.20.0&#8243; _module_preset=&#8221;default&#8221; global_colors_info=&#8221;{}&#8221; open=&#8221;off&#8221;]<p>Os produtos de madeira oferecem um aspecto natural e intemporal, s\u00e3o vers\u00e1teis no design e uma op\u00e7\u00e3o sustent\u00e1vel e amiga do ambiente.<\/p>[\/et_pb_accordion_item][et_pb_accordion_item title=&#8221;4. Como limpar e manter o meu pavimento laminado?&#8221; _builder_version=&#8221;4.20.0&#8243; _module_preset=&#8221;default&#8221; global_colors_info=&#8221;{}&#8221; open=&#8221;off&#8221;]<p>Varrer ou aspirar regularmente e limpar com um pano h\u00famido ou um produto de limpeza recomendado \u00e9 tudo o que \u00e9 necess\u00e1rio para manter o seu pavimento laminado com o seu melhor aspeto.<\/p>[\/et_pb_accordion_item][et_pb_accordion_item title=&#8221;5. A BEIRAPORTAL oferece servi\u00e7os de design personalizados?&#8221; _builder_version=&#8221;4.20.0&#8243; _module_preset=&#8221;default&#8221; global_colors_info=&#8221;{}&#8221; open=&#8221;off&#8221;]<p>A BEIRAPORTAL tem ao seu dispor um showroom com uma larga variedade de produtos para satisfazer as necessidades e prefer\u00eancias espec\u00edficas dos seus clientes. Os servi\u00e7os de design ou projetos de interiores personalizados ter\u00e3o de ser desenvolvidos por um profissional da \u00e1rea.<\/p>[\/et_pb_accordion_item][et_pb_accordion_item title=&#8221;6.\tComo posso solicitar um or\u00e7amento para os produtos ou servi\u00e7os da BEIRAPORTAL?&#8221; _builder_version=&#8221;4.20.0&#8243; _module_preset=&#8221;default&#8221; global_colors_info=&#8221;{}&#8221; open=&#8221;off&#8221;]<p>Pode solicitar um or\u00e7amento atrav\u00e9s do preenchimento do formul\u00e1rio no nosso website ou contactando diretamente a nossa equipa atrav\u00e9s dos telefones +351\u00a0232\u00a0954\u00a0533 (chamada para a rede fixa nacional) ou +351\u00a0966\u00a0930\u00a0737 (chamada para a rede m\u00f3vel nacional) e ainda por email para <a href=\"mailto:geral@beiraportal.pt\">geral@beiraportal.pt<\/a><\/p>[\/et_pb_accordion_item][et_pb_accordion_item title=&#8221;7. A BEIRAPORTAL tem um compromisso de sustentabilidade?&#8221; _builder_version=&#8221;4.20.0&#8243; _module_preset=&#8221;default&#8221; global_colors_info=&#8221;{}&#8221; open=&#8221;off&#8221;]<p>Sim, a BEIRAPORTAL est\u00e1 comprometida com a sustentabilidade e oferece uma gama de produtos de madeira ecol\u00f3gica e certificada.<\/p>[\/et_pb_accordion_item][et_pb_accordion_item title=&#8221;8. Como posso garantir a durabilidade dos meus produtos?&#8221; _builder_version=&#8221;4.20.0&#8243; _module_preset=&#8221;default&#8221; global_colors_info=&#8221;{}&#8221; open=&#8221;off&#8221;]<p>A instala\u00e7\u00e3o adequada, manuten\u00e7\u00e3o e prote\u00e7\u00e3o contra humidade e temperaturas extremas podem ajudar a garantir a durabilidade dos seus produtos.<\/p>[\/et_pb_accordion_item][et_pb_accordion_item title=&#8221;9. Que tipos de tipos de madeira \u00e9 que BEIRAPORTAL oferece?&#8221; _builder_version=&#8221;4.20.0&#8243; _module_preset=&#8221;default&#8221; global_colors_info=&#8221;{}&#8221; open=&#8221;off&#8221;]<p>A BEIRAPORTAL oferece uma variedade de madeiras, incluindo carvalho, pinheiro, freixo, nogueira, e muitas mais.<\/p>[\/et_pb_accordion_item][et_pb_accordion_item title=&#8221;10. A BEIRAPORTAL oferece op\u00e7\u00f5es de financiamento?&#8221; _builder_version=&#8221;4.20.0&#8243; _module_preset=&#8221;default&#8221; global_colors_info=&#8221;{}&#8221; open=&#8221;off&#8221;]<p>A BEIRAPORTAL oferece op\u00e7\u00f5es de financiamento para ajudar a tornar os seus produtos e servi\u00e7os mais acess\u00edveis aos seus clientes.<\/p>[\/et_pb_accordion_item][et_pb_accordion_item title=&#8221;11. Como escolho o pavimento de madeira certo para a minha casa?&#8221; _builder_version=&#8221;4.20.0&#8243; _module_preset=&#8221;default&#8221; global_colors_info=&#8221;{}&#8221; open=&#8221;off&#8221;]<p>Considere fatores como o n\u00edvel de tr\u00e1fego do quarto, o estilo e a cor do seu mobili\u00e1rio, e a quantidade de luz natural no quarto. Deve tamb\u00e9m escolher uma esp\u00e9cie de madeira que se adeque ao seu gosto e or\u00e7amento dispon\u00edvel.<\/p>[\/et_pb_accordion_item][et_pb_accordion_item title=&#8221;12.\tPosso instalar pavimento de madeira sobre um subpavimento de cimento ou outro revestimento?&#8221; _builder_version=&#8221;4.20.0&#8243; _module_preset=&#8221;default&#8221; global_colors_info=&#8221;{}&#8221; open=&#8221;off&#8221;]<p>Sim, mas \u00e9 importante utilizar uma barreira de vapor e um adesivo resistente \u00e0 humidade para evitar danos causados pela humidade.<\/p>[\/et_pb_accordion_item][et_pb_accordion_item title=&#8221;13. Qual \u00e9 a composi\u00e7\u00e3o do pavimento laminado de madeira?&#8221; _builder_version=&#8221;4.20.0&#8243; _module_preset=&#8221;default&#8221; global_colors_info=&#8221;{}&#8221; open=&#8221;off&#8221;]<p>O pavimento laminado \u00e9 um tipo de pavimento que \u00e9 composto por camadas de folheado de madeira e materiais compostos. Foi concebido para ser mais est\u00e1vel e dur\u00e1vel do que os pavimentos de madeira maci\u00e7a.<\/p>[\/et_pb_accordion_item][et_pb_accordion_item title=&#8221;14. Quanto tempo demora a instalar o pavimento laminado?&#8221; _builder_version=&#8221;4.20.0&#8243; _module_preset=&#8221;default&#8221; global_colors_info=&#8221;{}&#8221; open=&#8221;off&#8221;]<p>O tempo de instala\u00e7\u00e3o varia dependendo do tamanho da divis\u00e3o, do tipo de pavimento e da complexidade da instala\u00e7\u00e3o. Em m\u00e9dia, demora de 2 a 4 dias a instalar o pavimento laminado.<\/p>[\/et_pb_accordion_item][et_pb_accordion_item title=&#8221;15. Posso fazer a minha instala\u00e7\u00e3o?&#8221; _builder_version=&#8221;4.20.0&#8243; _module_preset=&#8221;default&#8221; global_colors_info=&#8221;{}&#8221; open=&#8221;off&#8221;]<p>\u00c9 poss\u00edvel instalar o pavimento laminado se tiver experi\u00eancia com projetos similares e as ferramentas necess\u00e1rias. No entanto, recomenda-se a contrata\u00e7\u00e3o de um profissional para assegurar uma instala\u00e7\u00e3o de alta qualidade.<\/p>[\/et_pb_accordion_item][\/et_pb_accordion][\/et_pb_column][\/et_pb_row][\/et_pb_section]","protected":false},"excerpt":{"rendered":"<p>Perguntas Frequentes Em que podemos ser \u00fateis? A BEIRAPORTAL vende uma vasta gama de produtos de madeira incluindo portas, pavimentos, decks, molduras, vigas e outras solu\u00e7\u00f5es t\u00e9cnicas e decorativas.A BEIRAPORTAL recomenda o servi\u00e7o de profissionais para a instala\u00e7\u00e3o dos seus produtos e em casos espec\u00edficos disponibiliza servi\u00e7os de instala\u00e7\u00e3o profissional para os seus produtos. Entre em contato com a nossa equipa para obter mais informa\u00e7\u00f5es a respeito.Os produtos de madeira oferecem um aspecto natural e intemporal, s\u00e3o vers\u00e1teis no design e uma op\u00e7\u00e3o sustent\u00e1vel e amiga do ambiente.Varrer ou aspirar regularmente e limpar com um pano h\u00famido ou um produto de limpeza recomendado \u00e9 tudo o que \u00e9 necess\u00e1rio para manter o seu pavimento laminado com o seu melhor aspeto.A BEIRAPORTAL tem ao seu dispor um showroom com uma larga variedade de produtos para satisfazer as necessidades e prefer\u00eancias espec\u00edficas dos seus clientes. Os servi\u00e7os de design ou projetos de interiores personalizados ter\u00e3o de ser desenvolvidos por um profissional da \u00e1rea.Pode solicitar um or\u00e7amento atrav\u00e9s do preenchimento do formul\u00e1rio no nosso website ou contactando diretamente a nossa equipa atrav\u00e9s dos telefones +351\u00a0232\u00a0954\u00a0533 (chamada para a rede fixa nacional) ou +351\u00a0966\u00a0930\u00a0737 (chamada para a rede m\u00f3vel nacional) e ainda por email [&hellip;]<\/p>\n","protected":false},"author":8,"featured_media":0,"parent":0,"menu_order":0,"comment_status":"closed","ping_status":"closed","template":"","meta":{"_et_pb_use_builder":"on","_et_pb_old_content":"","_et_gb_content_width":"","footnotes":""},"class_list":["post-1612","page","type-page","status-publish","hentry"],"_links":{"self":[{"href":"https:\/\/beiraportal.pt\/en\/wp-json\/wp\/v2\/pages\/1612","targetHints":{"allow":["GET"]}}],"collection":[{"href":"https:\/\/beiraportal.pt\/en\/wp-json\/wp\/v2\/pages"}],"about":[{"href":"https:\/\/beiraportal.pt\/en\/wp-json\/wp\/v2\/types\/page"}],"author":[{"embeddable":true,"href":"https:\/\/beiraportal.pt\/en\/wp-json\/wp\/v2\/users\/8"}],"replies":[{"embeddable":true,"href":"https:\/\/beiraportal.pt\/en\/wp-json\/wp\/v2\/comments?post=1612"}],"version-history":[{"count":0,"href":"https:\/\/beiraportal.pt\/en\/wp-json\/wp\/v2\/pages\/1612\/revisions"}],"wp:attachment":[{"href":"https:\/\/beiraportal.pt\/en\/wp-json\/wp\/v2\/media?parent=1612"}],"curies":[{"name":"wp","href":"https:\/\/api.w.org\/{rel}","templated":true}]}}