{"id":1222,"date":"2023-02-03T20:40:39","date_gmt":"2023-02-03T21:40:39","guid":{"rendered":"http:\/\/beiraportal.pt\/?page_id=1222"},"modified":"2023-04-18T22:20:26","modified_gmt":"2023-04-18T23:20:26","slug":"armarios","status":"publish","type":"page","link":"https:\/\/beiraportal.pt\/es\/roupeiros\/","title":{"rendered":"Armarios"},"content":{"rendered":"<p>[et_pb_section fb_built=&#8221;1&#8243; _builder_version=&#8221;4.19.5&#8243; _module_preset=&#8221;default&#8221; background_color=&#8221;#CE3B3B&#8221; custom_margin=&#8221;0px||0px||true|false&#8221; custom_padding=&#8221;0px||0px||true|false&#8221; global_colors_info=&#8221;{}&#8221;][et_pb_row column_structure=&#8221;1_4,1_4,1_4,1_4&#8243; use_custom_gutter=&#8221;on&#8221; gutter_width=&#8221;1&#8243; _builder_version=&#8221;4.19.5&#8243; _module_preset=&#8221;default&#8221; width=&#8221;100%&#8221; max_width=&#8221;100%&#8221; custom_margin=&#8221;0px||0px||true|false&#8221; custom_padding=&#8221;10px||10px||false|false&#8221; global_colors_info=&#8221;{}&#8221;][et_pb_column type=&#8221;1_4&#8243; _builder_version=&#8221;4.19.5&#8243; _module_preset=&#8221;default&#8221; global_colors_info=&#8221;{}&#8221;][et_pb_image src=&#8221;http:\/\/beiraportal.pt\/wp-content\/uploads\/2023\/02\/roupeiros01.jpg&#8221; title_text=&#8221;roupeiros01&#8243; force_fullwidth=&#8221;on&#8221; _builder_version=&#8221;4.19.5&#8243; _module_preset=&#8221;default&#8221; custom_margin=&#8221;||||false|true&#8221; custom_padding=&#8221;|5px||10px|true|false&#8221; global_colors_info=&#8221;{}&#8221;][\/et_pb_image][\/et_pb_column][et_pb_column type=&#8221;1_4&#8243; _builder_version=&#8221;4.19.5&#8243; _module_preset=&#8221;default&#8221; global_colors_info=&#8221;{}&#8221;][et_pb_image src=&#8221;http:\/\/beiraportal.pt\/wp-content\/uploads\/2023\/02\/roupeiros02.jpg&#8221; title_text=&#8221;roupeiros02&#8243; force_fullwidth=&#8221;on&#8221; _builder_version=&#8221;4.19.5&#8243; _module_preset=&#8221;default&#8221; custom_margin=&#8221;||||false|true&#8221; custom_padding=&#8221;|5px||5px|true|true&#8221; global_colors_info=&#8221;{}&#8221;][\/et_pb_image][\/et_pb_column][et_pb_column type=&#8221;1_4&#8243; _builder_version=&#8221;4.19.5&#8243; _module_preset=&#8221;default&#8221; global_colors_info=&#8221;{}&#8221;][et_pb_image src=&#8221;http:\/\/beiraportal.pt\/wp-content\/uploads\/2023\/02\/roupeiros03.jpg&#8221; title_text=&#8221;roupeiros03&#8243; force_fullwidth=&#8221;on&#8221; _builder_version=&#8221;4.19.5&#8243; _module_preset=&#8221;default&#8221; custom_margin=&#8221;||||false|true&#8221; custom_padding=&#8221;|5px||5px|true|true&#8221; global_colors_info=&#8221;{}&#8221;][\/et_pb_image][\/et_pb_column][et_pb_column type=&#8221;1_4&#8243; _builder_version=&#8221;4.19.5&#8243; _module_preset=&#8221;default&#8221; global_colors_info=&#8221;{}&#8221;][et_pb_image src=&#8221;http:\/\/beiraportal.pt\/wp-content\/uploads\/2023\/02\/roupeiros04.jpg&#8221; title_text=&#8221;roupeiros04&#8243; force_fullwidth=&#8221;on&#8221; _builder_version=&#8221;4.19.5&#8243; _module_preset=&#8221;default&#8221; custom_margin=&#8221;||||false|true&#8221; custom_padding=&#8221;|10px||5px|true|false&#8221; global_colors_info=&#8221;{}&#8221;][\/et_pb_image][\/et_pb_column][\/et_pb_row][\/et_pb_section][et_pb_section fb_built=&#8221;1&#8243; admin_label=&#8221;section&#8221; _builder_version=&#8221;4.16&#8243; global_colors_info=&#8221;{}&#8221;][et_pb_row admin_label=&#8221;row&#8221; _builder_version=&#8221;4.16&#8243; background_size=&#8221;initial&#8221; background_position=&#8221;top_left&#8221; background_repeat=&#8221;repeat&#8221; global_colors_info=&#8221;{}&#8221;][et_pb_column type=&#8221;4_4&#8243; _builder_version=&#8221;4.16&#8243; custom_padding=&#8221;|||&#8221; global_colors_info=&#8221;{}&#8221; custom_padding__hover=&#8221;|||&#8221;][et_pb_text _builder_version=&#8221;4.20.0&#8243; _module_preset=&#8221;default&#8221; text_font_size=&#8221;18px&#8221; text_line_height=&#8221;1.8em&#8221; header_font=&#8221;|700|||||||&#8221; locked=&#8221;off&#8221; global_colors_info=&#8221;{}&#8221;]<\/p>\n<h1>Roupeiros<\/h1>\n<p>[\/et_pb_text][et_pb_text admin_label=&#8221;Text&#8221; _builder_version=&#8221;4.20.0&#8243; text_font_size=&#8221;15px&#8221; text_line_height=&#8221;2.1em&#8221; header_2_font=&#8221;|700|||||||&#8221; header_2_font_size=&#8221;30px&#8221; header_2_letter_spacing=&#8221;2px&#8221; header_2_line_height=&#8221;2.1em&#8221; global_colors_info=&#8221;{}&#8221;]<\/p>\n<p>A Beira Portal oferece uma ampla gama de solu\u00e7\u00f5es de armazenamento para o seu quarto. Os nossos roupeiros s\u00e3o fabricados com materiais de alta qualidade e s\u00e3o projetados para oferecer conforto e seguran\u00e7a. Aliamos est\u00e9tica, conforto e seguran\u00e7a \u00e0 qualidade dos nossos produtos, o que se traduz em ambientes mais valorizados.<\/p>\n<p><strong>Aqui est\u00e3o algumas das nossas op\u00e7\u00f5es:<\/strong><\/p>\n<p>[\/et_pb_text][\/et_pb_column][\/et_pb_row][et_pb_row column_structure=&#8221;1_3,1_3,1_3&#8243; _builder_version=&#8221;4.19.5&#8243; _module_preset=&#8221;default&#8221; global_colors_info=&#8221;{}&#8221;][et_pb_column type=&#8221;1_3&#8243; _builder_version=&#8221;4.19.5&#8243; _module_preset=&#8221;default&#8221; global_colors_info=&#8221;{}&#8221;][et_pb_text admin_label=&#8221;Text&#8221; _builder_version=&#8221;4.19.5&#8243; text_font_size=&#8221;15px&#8221; text_line_height=&#8221;1.6em&#8221; header_2_font=&#8221;|700|||||||&#8221; header_2_font_size=&#8221;20px&#8221; header_2_line_height=&#8221;1.6em&#8221; locked=&#8221;off&#8221; global_colors_info=&#8221;{}&#8221;]<\/p>\n<h2>Roupeiros embutidos<\/h2>\n<p>Oferecem um design elegante e minimalista, al\u00e9m de economizar espa\u00e7o.[\/et_pb_text][\/et_pb_column][et_pb_column type=&#8221;1_3&#8243; _builder_version=&#8221;4.19.5&#8243; _module_preset=&#8221;default&#8221; global_colors_info=&#8221;{}&#8221;][et_pb_text admin_label=&#8221;Text&#8221; _builder_version=&#8221;4.19.5&#8243; text_font_size=&#8221;15px&#8221; text_line_height=&#8221;1.6em&#8221; header_2_font=&#8221;|700|||||||&#8221; header_2_font_size=&#8221;20px&#8221; header_2_line_height=&#8221;1.6em&#8221; locked=&#8221;off&#8221; global_colors_info=&#8221;{}&#8221;]<\/p>\n<h2><span>Roupeiros de correr<\/span><\/h2>\n<p><span>S\u00e3o f\u00e1ceis de usar e economizam espa\u00e7o, tornando-se uma excelente op\u00e7\u00e3o para quartos pequenos.<\/span><\/p>\n<p>[\/et_pb_text][\/et_pb_column][et_pb_column type=&#8221;1_3&#8243; _builder_version=&#8221;4.19.5&#8243; _module_preset=&#8221;default&#8221; global_colors_info=&#8221;{}&#8221;][et_pb_text admin_label=&#8221;Text&#8221; _builder_version=&#8221;4.19.5&#8243; text_font_size=&#8221;15px&#8221; text_line_height=&#8221;1.6em&#8221; header_2_font=&#8221;|700|||||||&#8221; header_2_font_size=&#8221;20px&#8221; header_2_line_height=&#8221;1.6em&#8221; locked=&#8221;off&#8221; global_colors_info=&#8221;{}&#8221;]<\/p>\n<h2>Roupeiros modulares<\/h2>\n<p>S\u00e3o vers\u00e1teis e permitem a personaliza\u00e7\u00e3o de acordo com suas necessidades de armazenamento.[\/et_pb_text][\/et_pb_column][\/et_pb_row][et_pb_row _builder_version=&#8221;4.19.5&#8243; _module_preset=&#8221;default&#8221; custom_margin=&#8221;50px|auto||auto||&#8221; global_colors_info=&#8221;{}&#8221;][et_pb_column type=&#8221;4_4&#8243; _builder_version=&#8221;4.19.5&#8243; _module_preset=&#8221;default&#8221; global_colors_info=&#8221;{}&#8221;][et_pb_text admin_label=&#8221;Text&#8221; _builder_version=&#8221;4.20.0&#8243; text_font_size=&#8221;15px&#8221; text_line_height=&#8221;2.1em&#8221; header_2_font=&#8221;|700|||||||&#8221; header_2_font_size=&#8221;30px&#8221; header_2_letter_spacing=&#8221;2px&#8221; header_2_line_height=&#8221;2.1em&#8221; global_colors_info=&#8221;{}&#8221;]<\/p>\n<p><strong>Os nossos roupeiros s\u00e3o feitos com materiais de alta qualidade e s\u00e3o fabricados com os mais altos padr\u00f5es de seguran\u00e7a. A Beiraportal orgulha-se de oferecer solu\u00e7\u00f5es de armazenamento personalizadas e de alta qualidade. Se procura solu\u00e7\u00f5es de armazenamento para o seu quarto, n\u00e3o hesite em visitar o nosso showroom e conhecer todas as nossas op\u00e7\u00f5es de roupeiros. Estamos sempre prontos para ajud\u00e1-lo a escolher a op\u00e7\u00e3o ideal para o seu quarto.<\/strong><\/p>\n<p>[\/et_pb_text][dsm_button button_one_text=&#8221;Ver cat\u00e1logos&#8221; button_one_url=&#8221;@ET-DC@eyJkeW5hbWljIjp0cnVlLCJjb250ZW50IjoicG9zdF9saW5rX3VybF9wYWdlIiwic2V0dGluZ3MiOnsicG9zdF9pZCI6IjExMSJ9fQ==@&#8221; button_alignment=&#8221;center&#8221; _builder_version=&#8221;4.20.0&#8243; _dynamic_attributes=&#8221;button_one_url&#8221; _module_preset=&#8221;default&#8221; custom_button_one=&#8221;on&#8221; button_one_text_color=&#8221;#FFFFFF&#8221; button_one_bg_color=&#8221;#CE3B3B&#8221; button_one_border_width=&#8221;0px&#8221; custom_margin=&#8221;60px||60px||true|&#8221; box_shadow_style_button_one=&#8221;preset3&#8243; box_shadow_position_button_one=&#8221;inner&#8221; locked=&#8221;off&#8221; global_colors_info=&#8221;{}&#8221;][\/dsm_button][\/et_pb_column][\/et_pb_row][\/et_pb_section]<\/p>\n","protected":false},"excerpt":{"rendered":"<p>RoupeirosA Beira Portal oferece uma ampla gama de solu\u00e7\u00f5es de armazenamento para o seu quarto. Os nossos roupeiros s\u00e3o fabricados com materiais de alta qualidade e s\u00e3o projetados para oferecer conforto e seguran\u00e7a. Aliamos est\u00e9tica, conforto e seguran\u00e7a \u00e0 qualidade dos nossos produtos, o que se traduz em ambientes mais valorizados. Aqui est\u00e3o algumas das nossas op\u00e7\u00f5es:Roupeiros embutidos Oferecem um design elegante e minimalista, al\u00e9m de economizar espa\u00e7o.Roupeiros de correr S\u00e3o f\u00e1ceis de usar e economizam espa\u00e7o, tornando-se uma excelente op\u00e7\u00e3o para quartos pequenos.Roupeiros modulares S\u00e3o vers\u00e1teis e permitem a personaliza\u00e7\u00e3o de acordo com suas necessidades de armazenamento.Os nossos roupeiros s\u00e3o feitos com materiais de alta qualidade e s\u00e3o fabricados com os mais altos padr\u00f5es de seguran\u00e7a. A Beiraportal orgulha-se de oferecer solu\u00e7\u00f5es de armazenamento personalizadas e de alta qualidade. Se procura solu\u00e7\u00f5es de armazenamento para o seu quarto, n\u00e3o hesite em visitar o nosso showroom e conhecer todas as nossas op\u00e7\u00f5es de roupeiros. Estamos sempre prontos para ajud\u00e1-lo a escolher a op\u00e7\u00e3o ideal para o seu quarto.<div class=\"et_pb_module dsm_button dsm_button_0 et_pb_bg_layout_light\">\n\t\t\t\t\n\t\t\t\t\n\t\t\t\t\n\t\t\t\t\n\t\t\t\t\n\t\t\t\t\n\t\t\t\t<div class=\"et_pb_module_inner\">\n\t\t\t\t\t<div class=\"et_pb_button_module_wrappers dsm_button_0_wrapper et_pb_button_alignment_center et_pb_module\">\n\t\t\t\t<a class=\"et_pb_button et_pb_button_one et_pb_bg_layout_light dsm-none\"  data-dsm-lightbox-id=\"dsm_button_one_lightbox dsm_button_0\"><span>Ver los cat\u00e1logos<\/span><\/a>\n\t\t\t<\/div>\n\t\t\t\t<\/div>\n\t\t\t<\/div><\/p>","protected":false},"author":8,"featured_media":0,"parent":0,"menu_order":0,"comment_status":"closed","ping_status":"closed","template":"","meta":{"_et_pb_use_builder":"on","_et_pb_old_content":"","_et_gb_content_width":"","footnotes":""},"class_list":["post-1222","page","type-page","status-publish","hentry"],"_links":{"self":[{"href":"https:\/\/beiraportal.pt\/es\/wp-json\/wp\/v2\/pages\/1222","targetHints":{"allow":["GET"]}}],"collection":[{"href":"https:\/\/beiraportal.pt\/es\/wp-json\/wp\/v2\/pages"}],"about":[{"href":"https:\/\/beiraportal.pt\/es\/wp-json\/wp\/v2\/types\/page"}],"author":[{"embeddable":true,"href":"https:\/\/beiraportal.pt\/es\/wp-json\/wp\/v2\/users\/8"}],"replies":[{"embeddable":true,"href":"https:\/\/beiraportal.pt\/es\/wp-json\/wp\/v2\/comments?post=1222"}],"version-history":[{"count":0,"href":"https:\/\/beiraportal.pt\/es\/wp-json\/wp\/v2\/pages\/1222\/revisions"}],"wp:attachment":[{"href":"https:\/\/beiraportal.pt\/es\/wp-json\/wp\/v2\/media?parent=1222"}],"curies":[{"name":"wp","href":"https:\/\/api.w.org\/{rel}","templated":true}]}}