{"id":1234,"date":"2023-02-03T20:57:08","date_gmt":"2023-02-03T21:57:08","guid":{"rendered":"http:\/\/beiraportal.pt\/?page_id=1234"},"modified":"2023-04-25T08:39:15","modified_gmt":"2023-04-25T09:39:15","slug":"escaleras","status":"publish","type":"page","link":"https:\/\/beiraportal.pt\/es\/escadarias\/","title":{"rendered":"Escaleras"},"content":{"rendered":"<p>[et_pb_section fb_built=&#8221;1&#8243; admin_label=&#8221;Section&#8221; _builder_version=&#8221;4.19.5&#8243; _module_preset=&#8221;default&#8221; background_color=&#8221;#CE3B3B&#8221; custom_margin=&#8221;0px||0px||true|false&#8221; custom_padding=&#8221;0px||0px||true|false&#8221; global_colors_info=&#8221;{}&#8221;][et_pb_row column_structure=&#8221;1_4,1_4,1_4,1_4&#8243; use_custom_gutter=&#8221;on&#8221; gutter_width=&#8221;1&#8243; admin_label=&#8221;Row&#8221; _builder_version=&#8221;4.19.5&#8243; _module_preset=&#8221;default&#8221; width=&#8221;100%&#8221; max_width=&#8221;100%&#8221; custom_margin=&#8221;0px||0px||true|false&#8221; custom_padding=&#8221;10px||10px||false|false&#8221; global_colors_info=&#8221;{}&#8221;][et_pb_column type=&#8221;1_4&#8243; admin_label=&#8221;Column&#8221; _builder_version=&#8221;4.19.5&#8243; _module_preset=&#8221;default&#8221; global_colors_info=&#8221;{}&#8221;][et_pb_image src=&#8221;http:\/\/beiraportal.pt\/wp-content\/uploads\/2023\/02\/escadaria01.jpg&#8221; title_text=&#8221;escadaria01&#8243; force_fullwidth=&#8221;on&#8221; _builder_version=&#8221;4.19.5&#8243; _module_preset=&#8221;default&#8221; custom_margin=&#8221;||||false|true&#8221; custom_padding=&#8221;|5px||10px|true|false&#8221; global_colors_info=&#8221;{}&#8221;][\/et_pb_image][\/et_pb_column][et_pb_column type=&#8221;1_4&#8243; admin_label=&#8221;Column&#8221; _builder_version=&#8221;4.19.5&#8243; _module_preset=&#8221;default&#8221; global_colors_info=&#8221;{}&#8221;][et_pb_image src=&#8221;http:\/\/beiraportal.pt\/wp-content\/uploads\/2023\/02\/escadaria02.jpg&#8221; title_text=&#8221;escadaria02&#8243; force_fullwidth=&#8221;on&#8221; _builder_version=&#8221;4.19.5&#8243; _module_preset=&#8221;default&#8221; custom_margin=&#8221;||||false|true&#8221; custom_padding=&#8221;|5px||5px|true|true&#8221; global_colors_info=&#8221;{}&#8221;][\/et_pb_image][\/et_pb_column][et_pb_column type=&#8221;1_4&#8243; _builder_version=&#8221;4.19.5&#8243; _module_preset=&#8221;default&#8221; global_colors_info=&#8221;{}&#8221;][et_pb_image src=&#8221;http:\/\/beiraportal.pt\/wp-content\/uploads\/2023\/02\/escadaria03.jpg&#8221; title_text=&#8221;escadaria03&#8243; force_fullwidth=&#8221;on&#8221; _builder_version=&#8221;4.19.5&#8243; _module_preset=&#8221;default&#8221; custom_margin=&#8221;||||false|true&#8221; custom_padding=&#8221;|5px||5px|true|true&#8221; global_colors_info=&#8221;{}&#8221;][\/et_pb_image][\/et_pb_column][et_pb_column type=&#8221;1_4&#8243; _builder_version=&#8221;4.19.5&#8243; _module_preset=&#8221;default&#8221; global_colors_info=&#8221;{}&#8221;][et_pb_image src=&#8221;http:\/\/beiraportal.pt\/wp-content\/uploads\/2023\/02\/escadaria04.jpg&#8221; title_text=&#8221;escadaria04&#8243; force_fullwidth=&#8221;on&#8221; _builder_version=&#8221;4.19.5&#8243; _module_preset=&#8221;default&#8221; custom_margin=&#8221;||||false|true&#8221; custom_padding=&#8221;|10px||5px|true|false&#8221; global_colors_info=&#8221;{}&#8221;][\/et_pb_image][\/et_pb_column][\/et_pb_row][\/et_pb_section][et_pb_section fb_built=&#8221;1&#8243; admin_label=&#8221;section&#8221; _builder_version=&#8221;4.16&#8243; global_colors_info=&#8221;{}&#8221;][et_pb_row admin_label=&#8221;row&#8221; _builder_version=&#8221;4.16&#8243; background_size=&#8221;initial&#8221; background_position=&#8221;top_left&#8221; background_repeat=&#8221;repeat&#8221; global_colors_info=&#8221;{}&#8221;][et_pb_column type=&#8221;4_4&#8243; _builder_version=&#8221;4.16&#8243; custom_padding=&#8221;|||&#8221; global_colors_info=&#8221;{}&#8221; custom_padding__hover=&#8221;|||&#8221;][et_pb_text _builder_version=&#8221;4.20.0&#8243; _module_preset=&#8221;default&#8221; text_font_size=&#8221;18px&#8221; text_line_height=&#8221;1.8em&#8221; header_font=&#8221;|700|||||||&#8221; locked=&#8221;off&#8221; global_colors_info=&#8221;{}&#8221;]<\/p>\n<h1>Escadarias<\/h1>\n<p>[\/et_pb_text][et_pb_text admin_label=&#8221;Text&#8221; _builder_version=&#8221;4.20.0&#8243; text_font_size=&#8221;15px&#8221; text_line_height=&#8221;2.1em&#8221; header_2_font=&#8221;|700|||||||&#8221; header_2_font_size=&#8221;30px&#8221; header_2_letter_spacing=&#8221;2px&#8221; header_2_line_height=&#8221;2.1em&#8221; global_colors_info=&#8221;{}&#8221;]<\/p>\n<p>A Beira Portal oferece uma ampla variedade de escadarias para atender \u00e0s suas necessidades, onde aliamos est\u00e9tica, seguran\u00e7a e conforto em cada uma das nossas solu\u00e7\u00f5es.<\/p>\n<p><strong>Aqui est\u00e3o algumas das nossas op\u00e7\u00f5es:<\/strong><\/p>\n<p>[\/et_pb_text][\/et_pb_column][\/et_pb_row][et_pb_row column_structure=&#8221;1_2,1_2&#8243; _builder_version=&#8221;4.19.5&#8243; _module_preset=&#8221;default&#8221; global_colors_info=&#8221;{}&#8221;][et_pb_column type=&#8221;1_2&#8243; _builder_version=&#8221;4.19.5&#8243; _module_preset=&#8221;default&#8221; global_colors_info=&#8221;{}&#8221;][et_pb_text admin_label=&#8221;Text&#8221; _builder_version=&#8221;4.19.5&#8243; text_font_size=&#8221;15px&#8221; text_line_height=&#8221;1.6em&#8221; header_2_font=&#8221;|700|||||||&#8221; header_2_font_size=&#8221;20px&#8221; header_2_line_height=&#8221;1.6em&#8221; locked=&#8221;off&#8221; global_colors_info=&#8221;{}&#8221;]<\/p>\n<h2>Escadarias de madeira<\/h2>\n<p>Oferecem um charme cl\u00e1ssico e s\u00e3o uma op\u00e7\u00e3o dur\u00e1vel e elegante.<\/p>\n<p>[\/et_pb_text][\/et_pb_column][et_pb_column type=&#8221;1_2&#8243; _builder_version=&#8221;4.19.5&#8243; _module_preset=&#8221;default&#8221; global_colors_info=&#8221;{}&#8221;][et_pb_text admin_label=&#8221;Text&#8221; _builder_version=&#8221;4.19.5&#8243; text_font_size=&#8221;15px&#8221; text_line_height=&#8221;1.6em&#8221; header_2_font=&#8221;|700|||||||&#8221; header_2_font_size=&#8221;20px&#8221; header_2_line_height=&#8221;1.6em&#8221; locked=&#8221;off&#8221; global_colors_info=&#8221;{}&#8221;]<\/p>\n<h2>Escadarias de vidro<\/h2>\n<p>S\u00e3o modernas e oferecem uma sensa\u00e7\u00e3o de amplitude ao espa\u00e7o.<\/p>\n<p>[\/et_pb_text][\/et_pb_column][\/et_pb_row][et_pb_row column_structure=&#8221;1_2,1_2&#8243; _builder_version=&#8221;4.19.5&#8243; _module_preset=&#8221;default&#8221; global_colors_info=&#8221;{}&#8221;][et_pb_column type=&#8221;1_2&#8243; _builder_version=&#8221;4.19.5&#8243; _module_preset=&#8221;default&#8221; global_colors_info=&#8221;{}&#8221;][et_pb_text admin_label=&#8221;Text&#8221; _builder_version=&#8221;4.19.5&#8243; text_font_size=&#8221;15px&#8221; text_line_height=&#8221;1.6em&#8221; header_2_font=&#8221;|700|||||||&#8221; header_2_font_size=&#8221;20px&#8221; header_2_line_height=&#8221;1.6em&#8221; locked=&#8221;off&#8221; global_colors_info=&#8221;{}&#8221;]<\/p>\n<h2>Escadarias modulares<\/h2>\n<p>S\u00e3o f\u00e1ceis de instalar e permitem a personaliza\u00e7\u00e3o de acordo com as suas necessidades.<\/p>\n<p>[\/et_pb_text][\/et_pb_column][et_pb_column type=&#8221;1_2&#8243; _builder_version=&#8221;4.19.5&#8243; _module_preset=&#8221;default&#8221; global_colors_info=&#8221;{}&#8221;][et_pb_text admin_label=&#8221;Text&#8221; _builder_version=&#8221;4.19.5&#8243; text_font_size=&#8221;15px&#8221; text_line_height=&#8221;1.6em&#8221; header_2_font=&#8221;|700|||||||&#8221; header_2_font_size=&#8221;20px&#8221; header_2_line_height=&#8221;1.6em&#8221; locked=&#8221;off&#8221; global_colors_info=&#8221;{}&#8221;]<\/p>\n<h2>Escadarias helicoidais<\/h2>\n<p>Oferecem um design elegante e s\u00e3o ideais para espa\u00e7os reduzidos.<\/p>\n<p>[\/et_pb_text][\/et_pb_column][\/et_pb_row][et_pb_row _builder_version=&#8221;4.20.4&#8243; _module_preset=&#8221;default&#8221; custom_margin=&#8221;50px|auto||auto||&#8221; global_colors_info=&#8221;{}&#8221;][et_pb_column type=&#8221;4_4&#8243; _builder_version=&#8221;4.20.4&#8243; _module_preset=&#8221;default&#8221; background_enable_video_mp4=&#8221;off&#8221; global_colors_info=&#8221;{}&#8221;][et_pb_text admin_label=&#8221;Text&#8221; _builder_version=&#8221;4.20.4&#8243; text_font_size=&#8221;15px&#8221; text_line_height=&#8221;1.6em&#8221; header_2_font=&#8221;|700|||||||&#8221; header_2_font_size=&#8221;20px&#8221; header_2_line_height=&#8221;1.6em&#8221; hover_enabled=&#8221;0&#8243; locked=&#8221;off&#8221; global_colors_info=&#8221;{}&#8221; sticky_enabled=&#8221;0&#8243;]<\/p>\n<h2 class=\"style-scope ytd-watch-metadata\"><yt-formatted-string force-default-style=\"\" class=\"style-scope ytd-watch-metadata\">FINfloor Mamperlan<\/yt-formatted-string><\/h2>\n<p><span>O nosso mamperlan \u00e9 a solu\u00e7\u00e3o perfeita para terminar a sua instala\u00e7\u00e3o quando existe mais de um n\u00edvel na mesma sala ou quando termina numa escada, que pode ser completamente coberta com o mesmo design.<\/span><\/p>\n<p>[\/et_pb_text][et_pb_video src=&#8221;http:\/\/beiraportal.pt\/wp-content\/uploads\/2023\/04\/FINfloor-Mamperlan-Installation_360p.mp4&#8243; src_tablet=&#8221;http:\/\/beiraportal.pt\/wp-content\/uploads\/2023\/04\/FINfloor-Mamperlan-Installation_360p.mp4&#8243; src_phone=&#8221;http:\/\/beiraportal.pt\/wp-content\/uploads\/2023\/04\/FINfloor-Mamperlan-Installation_360p.mp4&#8243; src_last_edited=&#8221;on|phone&#8221; _builder_version=&#8221;4.20.4&#8243; _module_preset=&#8221;default&#8221; global_colors_info=&#8221;{}&#8221;][\/et_pb_video][\/et_pb_column][\/et_pb_row][et_pb_row column_structure=&#8221;1_2,1_2&#8243; _builder_version=&#8221;4.20.4&#8243; _module_preset=&#8221;default&#8221; custom_margin=&#8221;30px||||false|false&#8221; global_colors_info=&#8221;{}&#8221;][et_pb_column type=&#8221;1_2&#8243; _builder_version=&#8221;4.20.4&#8243; _module_preset=&#8221;default&#8221; global_colors_info=&#8221;{}&#8221;][et_pb_text admin_label=&#8221;Text&#8221; _builder_version=&#8221;4.20.4&#8243; text_font_size=&#8221;15px&#8221; text_line_height=&#8221;1.6em&#8221; header_2_font=&#8221;|700|||||||&#8221; header_2_font_size=&#8221;20px&#8221; header_2_line_height=&#8221;1.6em&#8221; hover_enabled=&#8221;0&#8243; locked=&#8221;off&#8221; global_colors_info=&#8221;{}&#8221; sticky_enabled=&#8221;0&#8243;]<\/p>\n<h2><strong>Vantagens das solu\u00e7\u00f5es Mamperlan:<\/strong><\/h2>\n<p><strong><\/strong><\/p>\n<p><strong><\/strong><\/p>\n<div _ngcontent-serverapp-c48=\"\">\n<h6 class=\"text-uppercase fw-bold mb-0\"><strong><span style=\"color: #000000;\">MONTAGEM F\u00c1CIL E ACABAMENTO PERFEITO<\/span><\/strong><\/h6>\n<p _ngcontent-serverapp-c48=\"\" class=\"mb-3\">Como \u00e9 fabricado com as pr\u00f3prias r\u00e9guas do pavimento vai contribuir para uma solu\u00e7\u00e3o unificada em termos de design.<\/p>\n<p _ngcontent-serverapp-c48=\"\" class=\"mb-3\">\n<\/div>\n<div _ngcontent-serverapp-c48=\"\">\n<h6 class=\"text-uppercase fw-bold mb-0\"><span style=\"color: #000000;\"><strong>GRANDE RESIST\u00caNCIA<\/strong><\/span><\/h6>\n<p _ngcontent-serverapp-c48=\"\" class=\"mb-3\">\u00c9 resistente aos choques, ao desgaste e \u00e0 humidade.<\/p>\n<p _ngcontent-serverapp-c48=\"\" class=\"mb-3\">\n<\/div>\n<div _ngcontent-serverapp-c48=\"\">\n<h6 class=\"text-uppercase fw-bold mb-0\"><span style=\"color: #000000;\"><strong>SEM RESSALTOS<\/strong><\/span><\/h6>\n<p _ngcontent-serverapp-c48=\"\" class=\"mb-3\">A superf\u00edcie onde o mamperlan e o piso se encontram ser\u00e1 lisa e homog\u00e9nea.<\/p>\n<p _ngcontent-serverapp-c48=\"\" class=\"mb-3\">\n<\/div>\n<div _ngcontent-serverapp-c48=\"\">\n<h6 class=\"text-uppercase fw-bold mb-0\"><span style=\"color: #000000;\"><strong>FLEX\u00cdVEL E VERS\u00c1TIL<\/strong><\/span><\/h6>\n<p _ngcontent-serverapp-c48=\"\" class=\"mb-3\">Adapta-se a qualquer altura de degrau e \u00e0 grande maioria das escadas (apenas aberto na partes da frente, aberto de um lado ou de ambos os lados, &#8230;).<\/p>\n<\/div>\n<p>[\/et_pb_text][\/et_pb_column][et_pb_column type=&#8221;1_2&#8243; _builder_version=&#8221;4.20.4&#8243; _module_preset=&#8221;default&#8221; global_colors_info=&#8221;{}&#8221;][et_pb_gallery gallery_ids=&#8221;3145,3146,3147,3148&#8243; fullwidth=&#8221;on&#8221; _builder_version=&#8221;4.20.4&#8243; _module_preset=&#8221;default&#8221; auto=&#8221;on&#8221; global_colors_info=&#8221;{}&#8221;][\/et_pb_gallery][\/et_pb_column][\/et_pb_row][et_pb_row _builder_version=&#8221;4.19.5&#8243; _module_preset=&#8221;default&#8221; custom_margin=&#8221;29px|auto||auto||&#8221; global_colors_info=&#8221;{}&#8221;][et_pb_column type=&#8221;4_4&#8243; _builder_version=&#8221;4.19.5&#8243; _module_preset=&#8221;default&#8221; global_colors_info=&#8221;{}&#8221;][et_pb_text admin_label=&#8221;Text&#8221; _builder_version=&#8221;4.20.4&#8243; text_font_size=&#8221;15px&#8221; text_line_height=&#8221;1.6em&#8221; header_2_font=&#8221;|700|||||||&#8221; header_2_font_size=&#8221;20px&#8221; header_2_line_height=&#8221;1.6em&#8221; locked=&#8221;off&#8221; global_colors_info=&#8221;{}&#8221;]<\/p>\n<h2 class=\"style-scope ytd-watch-metadata\"><yt-formatted-string force-default-style=\"\" class=\"style-scope ytd-watch-metadata\">Solu\u00e7\u00f5es Beiraportal<\/yt-formatted-string><\/h2>\n<p>[\/et_pb_text][et_pb_text admin_label=&#8221;Text&#8221; _builder_version=&#8221;4.20.4&#8243; text_font_size=&#8221;15px&#8221; text_line_height=&#8221;2.1em&#8221; header_2_font=&#8221;|700|||||||&#8221; header_2_font_size=&#8221;30px&#8221; header_2_letter_spacing=&#8221;2px&#8221; header_2_line_height=&#8221;2.1em&#8221; global_colors_info=&#8221;{}&#8221;]<\/p>\n<p><strong>A Beiraportal orgulha-se de oferecer escadarias de alta qualidade e seguran\u00e7a. Todas as nossas escadarias s\u00e3o fabricadas com os melhores materiais e projetadas para durar. Se voc\u00ea procura uma escadaria para a sua casa, n\u00e3o hesite em visitar o nosso showroom e conhecer todas as nossas op\u00e7\u00f5es. Os nossos especialistas est\u00e3o sempre prontos para ajud\u00e1-lo a escolher a escadaria ideal para o seu espa\u00e7o.<\/strong><\/p>\n<p>[\/et_pb_text][dsm_button button_one_text=&#8221;Ver cat\u00e1logos&#8221; button_one_url=&#8221;@ET-DC@eyJkeW5hbWljIjp0cnVlLCJjb250ZW50IjoicG9zdF9saW5rX3VybF9wYWdlIiwic2V0dGluZ3MiOnsicG9zdF9pZCI6IjExMSJ9fQ==@&#8221; button_alignment=&#8221;center&#8221; _builder_version=&#8221;4.20.0&#8243; _dynamic_attributes=&#8221;button_one_url&#8221; _module_preset=&#8221;default&#8221; custom_button_one=&#8221;on&#8221; button_one_text_color=&#8221;#FFFFFF&#8221; button_one_bg_color=&#8221;#CE3B3B&#8221; button_one_border_width=&#8221;0px&#8221; custom_margin=&#8221;60px||60px||true|&#8221; hover_enabled=&#8221;0&#8243; box_shadow_style_button_one=&#8221;preset3&#8243; box_shadow_position_button_one=&#8221;inner&#8221; locked=&#8221;off&#8221; global_colors_info=&#8221;{}&#8221; sticky_enabled=&#8221;0&#8243;][\/dsm_button][\/et_pb_column][\/et_pb_row][\/et_pb_section]<\/p>\n","protected":false},"excerpt":{"rendered":"<p>EscadariasA Beira Portal oferece uma ampla variedade de escadarias para atender \u00e0s suas necessidades, onde aliamos est\u00e9tica, seguran\u00e7a e conforto em cada uma das nossas solu\u00e7\u00f5es. Aqui est\u00e3o algumas das nossas op\u00e7\u00f5es:Escadarias de madeira Oferecem um charme cl\u00e1ssico e s\u00e3o uma op\u00e7\u00e3o dur\u00e1vel e elegante.Escadarias de vidro S\u00e3o modernas e oferecem uma sensa\u00e7\u00e3o de amplitude ao espa\u00e7o.Escadarias modulares S\u00e3o f\u00e1ceis de instalar e permitem a personaliza\u00e7\u00e3o de acordo com as suas necessidades.Escadarias helicoidais Oferecem um design elegante e s\u00e3o ideais para espa\u00e7os reduzidos.FINfloor Mamperlan O nosso mamperlan \u00e9 a solu\u00e7\u00e3o perfeita para terminar a sua instala\u00e7\u00e3o quando existe mais de um n\u00edvel na mesma sala ou quando termina numa escada, que pode ser completamente coberta com o mesmo design.Vantagens das solu\u00e7\u00f5es Mamperlan: MONTAGEM F\u00c1CIL E ACABAMENTO PERFEITO Como \u00e9 fabricado com as pr\u00f3prias r\u00e9guas do pavimento vai contribuir para uma solu\u00e7\u00e3o unificada em termos de design. GRANDE RESIST\u00caNCIA \u00c9 resistente aos choques, ao desgaste e \u00e0 humidade. SEM RESSALTOS A superf\u00edcie onde o mamperlan e o piso se encontram ser\u00e1 lisa e homog\u00e9nea. FLEX\u00cdVEL E VERS\u00c1TIL Adapta-se a qualquer altura de degrau e \u00e0 grande maioria das escadas (apenas aberto na partes da frente, aberto de um lado ou de [&hellip;]<\/p>\n","protected":false},"author":8,"featured_media":0,"parent":0,"menu_order":0,"comment_status":"closed","ping_status":"closed","template":"","meta":{"_et_pb_use_builder":"on","_et_pb_old_content":"","_et_gb_content_width":"","footnotes":""},"class_list":["post-1234","page","type-page","status-publish","hentry"],"_links":{"self":[{"href":"https:\/\/beiraportal.pt\/es\/wp-json\/wp\/v2\/pages\/1234","targetHints":{"allow":["GET"]}}],"collection":[{"href":"https:\/\/beiraportal.pt\/es\/wp-json\/wp\/v2\/pages"}],"about":[{"href":"https:\/\/beiraportal.pt\/es\/wp-json\/wp\/v2\/types\/page"}],"author":[{"embeddable":true,"href":"https:\/\/beiraportal.pt\/es\/wp-json\/wp\/v2\/users\/8"}],"replies":[{"embeddable":true,"href":"https:\/\/beiraportal.pt\/es\/wp-json\/wp\/v2\/comments?post=1234"}],"version-history":[{"count":0,"href":"https:\/\/beiraportal.pt\/es\/wp-json\/wp\/v2\/pages\/1234\/revisions"}],"wp:attachment":[{"href":"https:\/\/beiraportal.pt\/es\/wp-json\/wp\/v2\/media?parent=1234"}],"curies":[{"name":"wp","href":"https:\/\/api.w.org\/{rel}","templated":true}]}}