{"id":95,"date":"2022-11-13T10:04:16","date_gmt":"2022-11-13T11:04:16","guid":{"rendered":"http:\/\/beiraportal.pt\/?page_id=95"},"modified":"2023-06-08T14:03:05","modified_gmt":"2023-06-08T15:03:05","slug":"institucional","status":"publish","type":"page","link":"https:\/\/beiraportal.pt\/es\/institucional\/","title":{"rendered":"Institucional"},"content":{"rendered":"<p>[et_pb_section fb_built=&#8221;1&#8243; _builder_version=&#8221;4.20.2&#8243; _module_preset=&#8221;default&#8221; custom_margin=&#8221;0px||0px||true|false&#8221; custom_padding=&#8221;0px||0px||true|false&#8221; global_colors_info=&#8221;{}&#8221;][et_pb_row use_custom_gutter=&#8221;on&#8221; gutter_width=&#8221;1&#8243; make_equal=&#8221;on&#8221; _builder_version=&#8221;4.20.2&#8243; _module_preset=&#8221;default&#8221; background_color=&#8221;#CE3B3B&#8221; width=&#8221;100%&#8221; max_width=&#8221;100%&#8221; module_alignment=&#8221;center&#8221; height=&#8221;500px&#8221; height_tablet=&#8221;290px&#8221; height_phone=&#8221;100px&#8221; height_last_edited=&#8221;on|phone&#8221; custom_margin=&#8221;0px||0px||true|false&#8221; custom_padding=&#8221;0px||0px||true|false&#8221; box_shadow_style=&#8221;preset3&#8243; box_shadow_position=&#8221;inner&#8221; global_colors_info=&#8221;{}&#8221;][et_pb_column type=&#8221;4_4&#8243; _builder_version=&#8221;4.19.0&#8243; _module_preset=&#8221;default&#8221; global_colors_info=&#8221;{}&#8221;][dsm_image_carousel gallery_ids=&#8221;101,1762,1763&#8243; slide_to_show=&#8221;1&#8243; autoplay_speed=&#8221;5000&#8243; infinite=&#8221;off&#8221; arrows=&#8221;off&#8221; touch_move=&#8221;on&#8221; _builder_version=&#8221;4.20.2&#8243; _module_preset=&#8221;default&#8221; width=&#8221;100%&#8221; max_width=&#8221;100%&#8221; locked=&#8221;off&#8221; global_colors_info=&#8221;{}&#8221;][\/dsm_image_carousel][\/et_pb_column][\/et_pb_row][\/et_pb_section][et_pb_section fb_built=&#8221;1&#8243; _builder_version=&#8221;4.20.2&#8243; _module_preset=&#8221;default&#8221; custom_margin=&#8221;||||false|false&#8221; custom_padding=&#8221;||||false|false&#8221; global_colors_info=&#8221;{}&#8221;][et_pb_row _builder_version=&#8221;4.20.0&#8243; _module_preset=&#8221;default&#8221; min_height=&#8221;888.4px&#8221; custom_margin=&#8221;50px|auto||auto|false|false&#8221; global_colors_info=&#8221;{}&#8221;][et_pb_column type=&#8221;4_4&#8243; _builder_version=&#8221;4.19.0&#8243; _module_preset=&#8221;default&#8221; global_colors_info=&#8221;{}&#8221;][et_pb_text _builder_version=&#8221;4.20.0&#8243; _module_preset=&#8221;default&#8221; text_font_size=&#8221;18px&#8221; text_line_height=&#8221;1.8em&#8221; header_font=&#8221;|700|||||||&#8221; locked=&#8221;off&#8221; global_colors_info=&#8221;{}&#8221;]<\/p>\n<h1>Institucional<\/h1>\n<p>[\/et_pb_text][et_pb_text _builder_version=&#8221;4.20.0&#8243; _module_preset=&#8221;default&#8221; text_font_size=&#8221;15px&#8221; text_line_height=&#8221;2.1em&#8221; header_2_font=&#8221;|700|||||||&#8221; header_2_font_size=&#8221;30px&#8221; header_2_letter_spacing=&#8221;2px&#8221; header_2_line_height=&#8221;2.1em&#8221; locked=&#8221;off&#8221; global_colors_info=&#8221;{}&#8221;]<\/p>\n<p>Fundada em 1999, a\u00a0<strong>Beiraportal Produtos de Madeira Lda<\/strong>,\u00a0<span>iniciou a sua atividade concentrando-se exclusivamente na comercializa\u00e7\u00e3o de portas. No entanto, com a evolu\u00e7\u00e3o das exig\u00eancias do mercado e dos pedidos dos clientes, expandimos gradualmente a nossa oferta de produtos para incluir uma vasta gama de solu\u00e7\u00f5es \u00e0 base de madeira. Hoje, orgulhamo-nos de oferecer aos nossos clientes uma sele\u00e7\u00e3o abrangente de produtos de madeira t\u00e9cnicos e decorativos que satisfazem os mais elevados padr\u00f5es de qualidade.<\/span><\/p>\n<div><\/div>\n<p style=\"font-weight: 400;\">Na Beiraportal, damos prioridade \u00e0 <strong>satisfa\u00e7\u00e3o do cliente<\/strong>. Acreditamos que ao fornecer os melhores produtos e servi\u00e7os poss\u00edveis, podemos estabelecer rela\u00e7\u00f5es a longo prazo. A nossa equipa de profissionais qualificados est\u00e1 sempre pronta a fornecer aconselhamento e orienta\u00e7\u00e3o especializada.<\/p>\n<p style=\"font-weight: 400;\">Os nossos produtos de madeira s\u00e3o cuidadosamente selecionados e processados para garantir que cumprem os mais <strong>elevados padr\u00f5es de qualidade, durabilidade e funcionalidade<\/strong>. Quer esteja \u00e0 procura de pavimentos de madeira, portas por medida, ou corrim\u00f5es e escadarias, temos as solu\u00e7\u00f5es ideais para os seus projetos.<\/p>\n<p style=\"font-weight: 400;\">Estamos empenhados em implantar pr\u00e1ticas sustent\u00e1veis e esfor\u00e7amo-nos por minimizar o nosso impacto ambiental ao utilizar madeira de origem respons\u00e1vel. Ao escolher a Beiraportal, pode ter a certeza de que n\u00e3o s\u00f3 est\u00e1 a obter os produtos de qualidade, mas tamb\u00e9m a contribuir para um futuro mais sustent\u00e1vel.<\/p>\n<p style=\"font-weight: 400;\">Estamos entusiasmados em ajud\u00e1-lo a dar vida aos seus projetos com a nossa extensa gama de produtos de madeira. Explore a nossa sele\u00e7\u00e3o de produtos e descubra como o podemos ajudar com o seu projeto.<\/p>\n<p>[\/et_pb_text][dsm_image_carousel gallery_ids=&#8221;102,104,103&#8243; slider_effect=&#8221;coverflow&#8221; slide_to_show=&#8221;3&#8243; autoplay=&#8221;off&#8221; arrows=&#8221;off&#8221; dots=&#8221;off&#8221; touch_move=&#8221;on&#8221; show_lightbox=&#8221;on&#8221; show_lightbox_gallery=&#8221;on&#8221; _builder_version=&#8221;4.20.0&#8243; _module_preset=&#8221;default&#8221; global_colors_info=&#8221;{}&#8221;][\/dsm_image_carousel][\/et_pb_column][\/et_pb_row][et_pb_row column_structure=&#8221;1_2,1_2&#8243; _builder_version=&#8221;4.19.0&#8243; _module_preset=&#8221;default&#8221; global_colors_info=&#8221;{}&#8221;][et_pb_column type=&#8221;1_2&#8243; _builder_version=&#8221;4.19.0&#8243; _module_preset=&#8221;default&#8221; global_colors_info=&#8221;{}&#8221;][et_pb_text _builder_version=&#8221;4.20.0&#8243; _module_preset=&#8221;default&#8221; text_font_size=&#8221;18px&#8221; text_line_height=&#8221;1.8em&#8221; header_font=&#8221;|700|||||||&#8221; header_font_size=&#8221;50px&#8221; header_2_font=&#8221;|700|||||||&#8221; header_2_font_size=&#8221;30px&#8221; locked=&#8221;off&#8221; global_colors_info=&#8221;{}&#8221;]<\/p>\n<h2>Miss\u00e3o<\/h2>\n<p>[\/et_pb_text][et_pb_text _builder_version=&#8221;4.20.0&#8243; _module_preset=&#8221;default&#8221; text_font_size=&#8221;15px&#8221; text_line_height=&#8221;2.1em&#8221; header_2_font=&#8221;|700|||||||&#8221; header_2_font_size=&#8221;30px&#8221; header_2_letter_spacing=&#8221;2px&#8221; header_2_line_height=&#8221;2.1em&#8221; locked=&#8221;off&#8221; global_colors_info=&#8221;{}&#8221;]<\/p>\n<p><span>Disponibilizar produtos de madeira sustent\u00e1veis e de alta qualidade aliados a solu\u00e7\u00f5es t\u00e9cnicas e decorativas que superem as expectativas dos nossos clientes.<\/span><\/p>\n<p>[\/et_pb_text][\/et_pb_column][et_pb_column type=&#8221;1_2&#8243; _builder_version=&#8221;4.20.0&#8243; _module_preset=&#8221;default&#8221; global_colors_info=&#8221;{}&#8221;][et_pb_text _builder_version=&#8221;4.20.0&#8243; _module_preset=&#8221;default&#8221; text_font_size=&#8221;18px&#8221; text_line_height=&#8221;1.8em&#8221; header_font=&#8221;|700|||||||&#8221; header_font_size=&#8221;50px&#8221; header_2_font=&#8221;|700|||||||&#8221; header_2_font_size=&#8221;30px&#8221; custom_padding=&#8221;||0px|||&#8221; locked=&#8221;off&#8221; global_colors_info=&#8221;{}&#8221;]<\/p>\n<h2>Vis\u00e3o<\/h2>\n<p>[\/et_pb_text][et_pb_text _builder_version=&#8221;4.20.0&#8243; _module_preset=&#8221;default&#8221; text_font_size=&#8221;15px&#8221; text_line_height=&#8221;2.1em&#8221; header_2_font=&#8221;|700|||||||&#8221; header_2_font_size=&#8221;30px&#8221; header_2_letter_spacing=&#8221;2px&#8221; header_2_line_height=&#8221;2.1em&#8221; min_height=&#8221;72px&#8221; custom_margin=&#8221;0px||0px||false|false&#8221; custom_padding=&#8221;0px||0px||false|false&#8221; locked=&#8221;off&#8221; global_colors_info=&#8221;{}&#8221;]<\/p>\n<p>Ser refer\u00eancia no mercado de produtos de madeira, reconhecida por nossos clientes e parceiros como a melhor op\u00e7\u00e3o em qualidade, inova\u00e7\u00e3o e excel\u00eancia em atendimento.<\/p>\n<p>[\/et_pb_text][\/et_pb_column][\/et_pb_row][et_pb_row _builder_version=&#8221;4.20.0&#8243; _module_preset=&#8221;default&#8221; custom_padding=&#8221;||50px||false|false&#8221; global_colors_info=&#8221;{}&#8221;][et_pb_column type=&#8221;4_4&#8243; _builder_version=&#8221;4.19.0&#8243; _module_preset=&#8221;default&#8221; global_colors_info=&#8221;{}&#8221;][et_pb_text _builder_version=&#8221;4.20.0&#8243; _module_preset=&#8221;default&#8221; text_font_size=&#8221;18px&#8221; text_line_height=&#8221;1.8em&#8221; header_font=&#8221;|700|||||||&#8221; header_font_size=&#8221;50px&#8221; header_2_font=&#8221;|700|||||||&#8221; header_2_font_size=&#8221;30px&#8221; locked=&#8221;off&#8221; global_colors_info=&#8221;{}&#8221;]<\/p>\n<h2>Valores<\/h2>\n<p>[\/et_pb_text][et_pb_text _builder_version=&#8221;4.21.0&#8243; _module_preset=&#8221;default&#8221; text_font_size=&#8221;15px&#8221; text_line_height=&#8221;2.1em&#8221; header_2_font=&#8221;|700|||||||&#8221; header_2_font_size=&#8221;30px&#8221; header_2_letter_spacing=&#8221;2px&#8221; header_2_line_height=&#8221;2.1em&#8221; hover_enabled=&#8221;0&#8243; locked=&#8221;off&#8221; global_colors_info=&#8221;{}&#8221; sticky_enabled=&#8221;0&#8243;]<\/p>\n<h3><strong>Diversidade:<\/strong><\/h3>\n<p>Fornecer aos nossos clientes uma gama diversificada de produtos e solu\u00e7\u00f5es de madeira de alta qualidade, que satisfa\u00e7am as suas necessidades e exig\u00eancias espec\u00edficas.<\/p>\n<h3><strong>Qualidade:<\/strong><\/h3>\n<p>Melhorar continuamente a experi\u00eancia do cliente, alavancando a tecnologia e a inova\u00e7\u00e3o, e prestando um excelente servi\u00e7o ao cliente.<\/p>\n<h3><strong>Confian\u00e7a:<\/strong><\/h3>\n<p>Manter a nossa posi\u00e7\u00e3o como parceiro fi\u00e1vel e de confian\u00e7a para os nossos clientes, fornecedores e empregados, aderindo a elevados padr\u00f5es \u00e9ticos, transpar\u00eancia, e integridade em todas as nossas transa\u00e7\u00f5es comerciais.[\/et_pb_text][\/et_pb_column][\/et_pb_row][et_pb_row _builder_version=&#8221;4.19.0&#8243; _module_preset=&#8221;default&#8221; global_colors_info=&#8221;{}&#8221;][et_pb_column type=&#8221;4_4&#8243; _builder_version=&#8221;4.19.0&#8243; _module_preset=&#8221;default&#8221; global_colors_info=&#8221;{}&#8221;][et_pb_text _builder_version=&#8221;4.20.0&#8243; _module_preset=&#8221;default&#8221; text_font_size=&#8221;18px&#8221; text_line_height=&#8221;1.8em&#8221; header_font=&#8221;|700|||||||&#8221; header_font_size=&#8221;50px&#8221; header_2_font=&#8221;|700|||||||&#8221; header_2_font_size=&#8221;30px&#8221; locked=&#8221;off&#8221; global_colors_info=&#8221;{}&#8221;]<\/p>\n<h2>Certifica\u00e7\u00f5es<\/h2>\n<p>[\/et_pb_text][et_pb_text _builder_version=&#8221;4.19.0&#8243; _module_preset=&#8221;default&#8221; text_font_size=&#8221;15px&#8221; text_line_height=&#8221;2.1em&#8221; header_2_font=&#8221;|700|||||||&#8221; header_2_font_size=&#8221;30px&#8221; header_2_letter_spacing=&#8221;2px&#8221; header_2_line_height=&#8221;2.1em&#8221; locked=&#8221;off&#8221; global_colors_info=&#8221;{}&#8221;]<\/p>\n<p><span>A <strong>Beiraportal<\/strong> apresenta hoje um hist\u00f3rico continuado de distin\u00e7\u00f5es como PME L\u00edder e como PME Excel\u00eancia, distin\u00e7\u00f5es essas que desde 2010 tem vindo a vincar o nosso compromisso e dedica\u00e7\u00e3o com os clientes e colaboradores.<\/span><\/p>\n<p>[\/et_pb_text][\/et_pb_column][\/et_pb_row][et_pb_row column_structure=&#8221;1_2,1_2&#8243; _builder_version=&#8221;4.19.5&#8243; _module_preset=&#8221;default&#8221; global_colors_info=&#8221;{}&#8221;][et_pb_column type=&#8221;1_2&#8243; _builder_version=&#8221;4.19.5&#8243; _module_preset=&#8221;default&#8221; global_colors_info=&#8221;{}&#8221;][et_pb_image src=&#8221;http:\/\/beiraportal.pt\/wp-content\/uploads\/2022\/11\/pme_lider.jpg&#8221; title_text=&#8221;pme_lider&#8221; align=&#8221;center&#8221; _builder_version=&#8221;4.20.0&#8243; _module_preset=&#8221;default&#8221; global_colors_info=&#8221;{}&#8221;][\/et_pb_image][et_pb_text _builder_version=&#8221;4.20.2&#8243; _module_preset=&#8221;default&#8221; text_font_size=&#8221;15px&#8221; text_line_height=&#8221;2.1em&#8221; header_2_font=&#8221;|700|||||||&#8221; header_2_font_size=&#8221;30px&#8221; header_2_letter_spacing=&#8221;2px&#8221; header_2_line_height=&#8221;2.1em&#8221; locked=&#8221;off&#8221; global_colors_info=&#8221;{}&#8221;]<\/p>\n<p><span>A <strong>Beiraportal<\/strong>\u00a0foi distinguida pelo <strong>IAPMEI<\/strong> como <strong>PME L\u00edder<\/strong> <strong>em 2010, 2011, 2012, 2018, 2019 e 2022.<\/strong><\/span><\/p>\n<p>[\/et_pb_text][\/et_pb_column][et_pb_column type=&#8221;1_2&#8243; _builder_version=&#8221;4.19.5&#8243; _module_preset=&#8221;default&#8221; global_colors_info=&#8221;{}&#8221;][et_pb_image src=&#8221;http:\/\/beiraportal.pt\/wp-content\/uploads\/2022\/11\/pme_excelencia.jpg&#8221; title_text=&#8221;pme_excelencia&#8221; align=&#8221;center&#8221; _builder_version=&#8221;4.20.0&#8243; _module_preset=&#8221;default&#8221; global_colors_info=&#8221;{}&#8221;][\/et_pb_image][et_pb_text _builder_version=&#8221;4.20.2&#8243; _module_preset=&#8221;default&#8221; text_font_size=&#8221;15px&#8221; text_line_height=&#8221;2.1em&#8221; header_2_font=&#8221;|700|||||||&#8221; header_2_font_size=&#8221;30px&#8221; header_2_letter_spacing=&#8221;2px&#8221; header_2_line_height=&#8221;2.1em&#8221; locked=&#8221;off&#8221; global_colors_info=&#8221;{}&#8221;]<\/p>\n<p><span>A <strong>Beiraportal<\/strong>\u00a0foi distinguida pelo <strong>IAPMEI<\/strong> com o estatuto\u00a0<strong>PME Excel\u00eancia\u00a0em 2010, 2011, 2012, 2013, 2014, 2015, 2016, 2017 e 2018.<\/strong><\/span><\/p>\n<p>[\/et_pb_text][\/et_pb_column][\/et_pb_row][et_pb_row _builder_version=&#8221;4.19.0&#8243; _module_preset=&#8221;default&#8221; min_height=&#8221;900.4px&#8221; custom_margin=&#8221;31px|auto|31px|auto|true|false&#8221; custom_padding=&#8221;||0px|||&#8221; locked=&#8221;off&#8221; global_colors_info=&#8221;{}&#8221;][et_pb_column type=&#8221;4_4&#8243; _builder_version=&#8221;4.19.0&#8243; _module_preset=&#8221;default&#8221; global_colors_info=&#8221;{}&#8221;][et_pb_text _builder_version=&#8221;4.20.0&#8243; _module_preset=&#8221;default&#8221; text_font_size=&#8221;18px&#8221; text_line_height=&#8221;1.8em&#8221; header_font=&#8221;|700|||||||&#8221; header_font_size=&#8221;50px&#8221; header_2_font=&#8221;|700|||||||&#8221; header_2_font_size=&#8221;30px&#8221; locked=&#8221;off&#8221; global_colors_info=&#8221;{}&#8221;]<\/p>\n<h2>Instala\u00e7\u00f5es<\/h2>\n<p>[\/et_pb_text][et_pb_text _builder_version=&#8221;4.19.0&#8243; _module_preset=&#8221;default&#8221; text_font_size=&#8221;15px&#8221; text_line_height=&#8221;2.1em&#8221; header_2_font=&#8221;|700|||||||&#8221; header_2_font_size=&#8221;30px&#8221; header_2_letter_spacing=&#8221;2px&#8221; header_2_line_height=&#8221;2.1em&#8221; locked=&#8221;off&#8221; global_colors_info=&#8221;{}&#8221;]<\/p>\n<p><span>Temos um novo espa\u00e7o para o receber e comprovar com os seus olhos a qualidade dos nossos produtos.<\/span><\/p>\n<p>[\/et_pb_text][dsm_image_carousel gallery_ids=&#8221;102,103,104,148,149,150,151,152,153&#8243; slide_to_show=&#8221;3&#8243; multiple_slide_row=&#8221;on&#8221; slide_row=&#8221;3&#8243; autoplay=&#8221;off&#8221; arrows=&#8221;off&#8221; dots=&#8221;off&#8221; touch_move=&#8221;on&#8221; show_lightbox=&#8221;on&#8221; show_lightbox_gallery=&#8221;on&#8221; _builder_version=&#8221;4.19.0&#8243; _module_preset=&#8221;default&#8221; global_colors_info=&#8221;{}&#8221;][\/dsm_image_carousel][\/et_pb_column][\/et_pb_row][\/et_pb_section]<\/p>\n","protected":false},"excerpt":{"rendered":"<p><div class=\"et_pb_module dsm_image_carousel dsm_image_carousel_0 dsm_image_carousel_arrow_outside dsm_image_carousel_arrow_mobile_inside \">\n\t\t\t\t\n\t\t\t\t\n\t\t\t\t\n\t\t\t\t\n\t\t\t\t\n\t\t\t\t\n\t\t\t\t<div class=\"et_pb_module_inner\">\n\t\t\t\t\t<div class=\"swiper-container dsm_image_carousel_container  dsm_image_carousel_carousel\" dir=\"ltr\"data-effect=\"default\"\n\t\t\tdata-slider-effect-shadows=\"false\"\n\t\t\tdata-slider-effect-coverflow-rotate=\"30\"\n\t\t\tdata-slider-effect-coverflow-depth=\"0\"\n\t\t\tdata-loop=\"false\"\n\t\t\tdata-slide-to-show=\"1\"\n\t\t\tdata-slide-to-show-tablet=\"1\"\n\t\t\tdata-slide-to-show-phone=\"1\"\n\t\t\tdata-slide-to-scroll=\"1\"\n\t\t\tdata-slide-to-scroll-tablet=\"1\"\n\t\t\tdata-slide-to-scroll-phone=\"1\"\n\t\t\tdata-space-between=\"15\"\n\t\t\tdata-space-between-tablet=\"15\"\n\t\t\tdata-space-between-phone=\"15\"\n\t\t\tdata-slide-row=\"1\"\n\t\t\tdata-centered-slides=\"false\"\n\t\t\tdata-speed=\"300\"\n\t\t\tdata-autoplay=\"true\"\n\t\t\tdata-autoplay-speed=\"5000\"\n\t\t\tdata-touch-move=\"false\"\n\t\t\tdata-grab=\"true\"\n\t\t\tdata-pause-on-hover=\"false\"\n\t\t\tdata-show-lightbox=\"false\"\n\t\t\tdata-lightbox-gallery=\"false\"\n\t\t\tdata-lightbox-caption=\"false\"\n\t\t\tdata-infinite-scrolling=\"false\"\n\t\t\tdata-slide-row-tablet=\"1\"\n\t\t\tdata-slide-row-phone=\"1\"\n\t\t\tdata-autoplay-viewport=80%\n\t\t\tdata-mousewheel=\"false\"\n\t\t\tdata-lazyload=\"false\"\n\t\t\tdata-type=\"carousel\"\n\t\t\tdata-slideshow-effect=\"default\"\n\t\t\tdata-slideshow-to-show=\"4\"\n\t\t\tdata-slideshow-to-show-tablet=\"4\"\n\t\t\tdata-slideshow-to-show-phone=\"\"\n\t\t\tdata-slider-orientation=\"horizontal\"\n\t\t\t\t\t\tdata-lightbox-title=\"false\"\n\n\t\t\t><div class=\"swiper-wrapper\"><div class=\"swiper-slide dsm_image_carousel_item\"><img decoding=\"async\" src=\"https:\/\/beiraportal.pt\/wp-content\/uploads\/2022\/11\/topo_empresa.jpg\" alt=\"Beiraportal\" title=\"Beiraportal\" width=\"1285\" height=\"500\" data-dsm-image-description=\"\" srcset=\"https:\/\/beiraportal.pt\/wp-content\/uploads\/2022\/11\/topo_empresa.jpg 1285w, https:\/\/beiraportal.pt\/wp-content\/uploads\/2022\/11\/topo_empresa-1280x498.jpg 1280w, https:\/\/beiraportal.pt\/wp-content\/uploads\/2022\/11\/topo_empresa-980x381.jpg 980w, https:\/\/beiraportal.pt\/wp-content\/uploads\/2022\/11\/topo_empresa-480x187.jpg 480w\" sizes=\"(min-width: 0px) and (max-width: 480px) 480px, (min-width: 481px) and (max-width: 980px) 980px, (min-width: 981px) and (max-width: 1280px) 1280px, (min-width: 1281px) 1285px, 100vw\" class=\" skip-lazy\" \/><\/div><div class=\"swiper-slide dsm_image_carousel_item\"><img decoding=\"async\" src=\"https:\/\/beiraportal.pt\/wp-content\/uploads\/2023\/03\/Beiraportal-institucional-01.png\" alt=\"Beiraportal institucional\" title=\"Beiraportal institucional\" width=\"1285\" height=\"500\" data-dsm-image-description=\"\" srcset=\"https:\/\/beiraportal.pt\/wp-content\/uploads\/2023\/03\/Beiraportal-institucional-01.png 1285w, https:\/\/beiraportal.pt\/wp-content\/uploads\/2023\/03\/Beiraportal-institucional-01-1280x498.png 1280w, https:\/\/beiraportal.pt\/wp-content\/uploads\/2023\/03\/Beiraportal-institucional-01-980x381.png 980w, https:\/\/beiraportal.pt\/wp-content\/uploads\/2023\/03\/Beiraportal-institucional-01-480x187.png 480w\" sizes=\"(min-width: 0px) and (max-width: 480px) 480px, (min-width: 481px) and (max-width: 980px) 980px, (min-width: 981px) and (max-width: 1280px) 1280px, (min-width: 1281px) 1285px, 100vw\" class=\" skip-lazy\" \/><\/div><div class=\"swiper-slide dsm_image_carousel_item\"><img decoding=\"async\" src=\"https:\/\/beiraportal.pt\/wp-content\/uploads\/2023\/03\/Beiraportal-institucional-02.png\" alt=\"Beiraportal institucional\" title=\"Beiraportal institucional\" width=\"1285\" height=\"500\" data-dsm-image-description=\"\" srcset=\"https:\/\/beiraportal.pt\/wp-content\/uploads\/2023\/03\/Beiraportal-institucional-02.png 1285w, https:\/\/beiraportal.pt\/wp-content\/uploads\/2023\/03\/Beiraportal-institucional-02-1280x498.png 1280w, https:\/\/beiraportal.pt\/wp-content\/uploads\/2023\/03\/Beiraportal-institucional-02-980x381.png 980w, https:\/\/beiraportal.pt\/wp-content\/uploads\/2023\/03\/Beiraportal-institucional-02-480x187.png 480w\" sizes=\"(min-width: 0px) and (max-width: 480px) 480px, (min-width: 481px) and (max-width: 980px) 980px, (min-width: 981px) and (max-width: 1280px) 1280px, (min-width: 1281px) 1285px, 100vw\" class=\" skip-lazy\" \/><\/div><\/div><\/div><div class=\"swiper-pagination\"><\/div>\n\t\t\t\t<\/div>\n\t\t\t<\/div>InstitucionalFundada em 1999, a\u00a0Beiraportal Produtos de Madeira Lda,\u00a0iniciou a sua atividade concentrando-se exclusivamente na comercializa\u00e7\u00e3o de portas. No entanto, com a evolu\u00e7\u00e3o das exig\u00eancias do mercado e dos pedidos dos clientes, expandimos gradualmente a nossa oferta de produtos para incluir uma vasta gama de solu\u00e7\u00f5es \u00e0 base de madeira. Hoje, orgulhamo-nos de oferecer aos nossos clientes uma sele\u00e7\u00e3o abrangente de produtos de madeira t\u00e9cnicos e decorativos que satisfazem os mais elevados padr\u00f5es de qualidade. Na Beiraportal, damos prioridade \u00e0 satisfa\u00e7\u00e3o do cliente. Acreditamos que ao fornecer os melhores produtos e servi\u00e7os poss\u00edveis, podemos estabelecer rela\u00e7\u00f5es a longo prazo. A nossa equipa de profissionais qualificados est\u00e1 sempre pronta a fornecer aconselhamento e orienta\u00e7\u00e3o especializada. Os nossos produtos de madeira s\u00e3o cuidadosamente selecionados e processados para garantir que cumprem os mais elevados padr\u00f5es de qualidade, durabilidade e funcionalidade. Quer esteja \u00e0 procura de pavimentos de madeira, portas por medida, ou corrim\u00f5es e escadarias, temos as solu\u00e7\u00f5es ideais para os seus projetos. Estamos empenhados em implantar pr\u00e1ticas sustent\u00e1veis e esfor\u00e7amo-nos por minimizar o nosso impacto ambiental ao utilizar madeira de origem respons\u00e1vel. Ao escolher a Beiraportal, pode ter a certeza de [&hellip;]<\/p>\n","protected":false},"author":8,"featured_media":0,"parent":0,"menu_order":0,"comment_status":"closed","ping_status":"closed","template":"","meta":{"_et_pb_use_builder":"on","_et_pb_old_content":"","_et_gb_content_width":"","footnotes":""},"class_list":["post-95","page","type-page","status-publish","hentry"],"_links":{"self":[{"href":"https:\/\/beiraportal.pt\/es\/wp-json\/wp\/v2\/pages\/95","targetHints":{"allow":["GET"]}}],"collection":[{"href":"https:\/\/beiraportal.pt\/es\/wp-json\/wp\/v2\/pages"}],"about":[{"href":"https:\/\/beiraportal.pt\/es\/wp-json\/wp\/v2\/types\/page"}],"author":[{"embeddable":true,"href":"https:\/\/beiraportal.pt\/es\/wp-json\/wp\/v2\/users\/8"}],"replies":[{"embeddable":true,"href":"https:\/\/beiraportal.pt\/es\/wp-json\/wp\/v2\/comments?post=95"}],"version-history":[{"count":0,"href":"https:\/\/beiraportal.pt\/es\/wp-json\/wp\/v2\/pages\/95\/revisions"}],"wp:attachment":[{"href":"https:\/\/beiraportal.pt\/es\/wp-json\/wp\/v2\/media?parent=95"}],"curies":[{"name":"wp","href":"https:\/\/api.w.org\/{rel}","templated":true}]}}